{"id":526,"date":"2019-07-05T11:30:07","date_gmt":"2019-07-05T11:30:07","guid":{"rendered":"http:\/\/agrigrowth-bf.com\/?page_id=526"},"modified":"2020-01-08T10:40:51","modified_gmt":"2020-01-08T10:40:51","slug":"nos-services-expertises","status":"publish","type":"page","link":"https:\/\/agrigrowth-bf.com\/?page_id=526","title":{"rendered":"Nos Services\/Expertises"},"content":{"rendered":"\t\t<div data-elementor-type=\"wp-post\" data-elementor-id=\"526\" class=\"elementor elementor-526\" data-elementor-settings=\"[]\">\n\t\t\t\t\t\t<div class=\"elementor-inner\">\n\t\t\t\t\t\t\t<div class=\"elementor-section-wrap\">\n\t\t\t\t\t\t\t<section class=\"elementor-section elementor-top-section elementor-element elementor-element-3163a62 elementor-section-stretched elementor-section-boxed elementor-section-height-default elementor-section-height-default\" data-id=\"3163a62\" data-element_type=\"section\" data-settings=\"{&quot;stretch_section&quot;:&quot;section-stretched&quot;}\">\n\t\t\t\t\t\t<div class=\"elementor-container elementor-column-gap-default\">\n\t\t\t\t\t\t\t<div class=\"elementor-row\">\n\t\t\t\t\t<div class=\"elementor-column elementor-col-100 elementor-top-column elementor-element elementor-element-d391994\" data-id=\"d391994\" data-element_type=\"column\">\n\t\t\t<div class=\"elementor-column-wrap elementor-element-populated\">\n\t\t\t\t\t\t\t<div class=\"elementor-widget-wrap\">\n\t\t\t\t\t\t<section class=\"elementor-section elementor-inner-section elementor-element elementor-element-9d23fe4 elementor-section-boxed elementor-section-height-default elementor-section-height-default\" data-id=\"9d23fe4\" data-element_type=\"section\">\n\t\t\t\t\t\t<div class=\"elementor-container elementor-column-gap-default\">\n\t\t\t\t\t\t\t<div class=\"elementor-row\">\n\t\t\t\t\t<div class=\"elementor-column elementor-col-100 elementor-inner-column elementor-element elementor-element-58c1886\" data-id=\"58c1886\" data-element_type=\"column\">\n\t\t\t<div class=\"elementor-column-wrap elementor-element-populated\">\n\t\t\t\t\t\t\t<div class=\"elementor-widget-wrap\">\n\t\t\t\t\t\t<div class=\"elementor-element elementor-element-ddb800b elementor-widget elementor-widget-heading\" data-id=\"ddb800b\" data-element_type=\"widget\" data-widget_type=\"heading.default\">\n\t\t\t\t<div class=\"elementor-widget-container\">\n\t\t\t<h2 class=\"elementor-heading-title elementor-size-default\">NOS SERVICES<\/h2>\t\t<\/div>\n\t\t\t\t<\/div>\n\t\t\t\t<div class=\"elementor-element elementor-element-ce4ef92 elementor-tabs-view-horizontal elementor-widget elementor-widget-tabs\" data-id=\"ce4ef92\" data-element_type=\"widget\" data-widget_type=\"tabs.default\">\n\t\t\t\t<div class=\"elementor-widget-container\">\n\t\t\t\t\t<div class=\"elementor-tabs\" role=\"tablist\">\n\t\t\t<div class=\"elementor-tabs-wrapper\">\n\t\t\t\t\t\t\t\t\t<div id=\"elementor-tab-title-2161\" class=\"elementor-tab-title elementor-tab-desktop-title\" data-tab=\"1\" role=\"tab\" aria-controls=\"elementor-tab-content-2161\"><a href=\"\">Appui conseil<\/a><\/div>\n\t\t\t\t\t\t\t\t\t<div id=\"elementor-tab-title-2162\" class=\"elementor-tab-title elementor-tab-desktop-title\" data-tab=\"2\" role=\"tab\" aria-controls=\"elementor-tab-content-2162\"><a href=\"\">Assistance technique <\/a><\/div>\n\t\t\t\t\t\t\t\t\t<div id=\"elementor-tab-title-2163\" class=\"elementor-tab-title elementor-tab-desktop-title\" data-tab=\"3\" role=\"tab\" aria-controls=\"elementor-tab-content-2163\"><a href=\"\">\u00c9tudes et Gestion de projet <\/a><\/div>\n\t\t\t\t\t\t\t\t\t<div id=\"elementor-tab-title-2164\" class=\"elementor-tab-title elementor-tab-desktop-title\" data-tab=\"4\" role=\"tab\" aria-controls=\"elementor-tab-content-2164\"><a href=\"\">Formation<\/a><\/div>\n\t\t\t\t\t\t\t<\/div>\n\t\t\t<div class=\"elementor-tabs-content-wrapper\">\n\t\t\t\t\t\t\t\t\t<div class=\"elementor-tab-title elementor-tab-mobile-title\" data-tab=\"1\" role=\"tab\">Appui conseil<\/div>\n\t\t\t\t\t<div id=\"elementor-tab-content-2161\" class=\"elementor-tab-content elementor-clearfix\" data-tab=\"1\" role=\"tabpanel\" aria-labelledby=\"elementor-tab-title-2161\"><ul><li>Conseil en entrepreneuriat,<\/li><li>Diagnostics des entreprises\u00a0;<\/li><li>Structuration des entreprises;<\/li><li>Conseils en strat\u00e9gie de d\u00e9veloppement des entreprises\u00a0;<\/li><li>\u00c9laboration de plan strat\u00e9gique de d\u00e9veloppement\u00a0;<\/li><li>Conception et impl\u00e9mentation d\u2019outils de gestion d\u2019entreprises.<\/li><\/ul><\/div>\n\t\t\t\t\t\t\t\t\t<div class=\"elementor-tab-title elementor-tab-mobile-title\" data-tab=\"2\" role=\"tab\">Assistance technique <\/div>\n\t\t\t\t\t<div id=\"elementor-tab-content-2162\" class=\"elementor-tab-content elementor-clearfix\" data-tab=\"2\" role=\"tabpanel\" aria-labelledby=\"elementor-tab-title-2162\"><ul><li>D\u00e9veloppement d\u2019outils ;<\/li><li>\u00c9laboration de manuel de gestion administrative ;<\/li><li>Mise en place d\u2019un syst\u00e8me de gestion ;<\/li><li>Accompagnement en pr\u00e9-audit de gestion ;<\/li><li>Conseil.<\/li><\/ul><\/div>\n\t\t\t\t\t\t\t\t\t<div class=\"elementor-tab-title elementor-tab-mobile-title\" data-tab=\"3\" role=\"tab\">\u00c9tudes et Gestion de projet <\/div>\n\t\t\t\t\t<div id=\"elementor-tab-content-2163\" class=\"elementor-tab-content elementor-clearfix\" data-tab=\"3\" role=\"tabpanel\" aria-labelledby=\"elementor-tab-title-2163\"><ul><li>Etudes de faisabilit\u00e9 de projets,<\/li><li>Etudes socio\u00e9conomiques et r\u00e9silience;<\/li><li>Suivi \u00e9valuation de projet\u00a0de d\u00e9veloppement et de r\u00e9silience;<\/li><\/ul><\/div>\n\t\t\t\t\t\t\t\t\t<div class=\"elementor-tab-title elementor-tab-mobile-title\" data-tab=\"4\" role=\"tab\">Formation<\/div>\n\t\t\t\t\t<div id=\"elementor-tab-content-2164\" class=\"elementor-tab-content elementor-clearfix\" data-tab=\"4\" role=\"tabpanel\" aria-labelledby=\"elementor-tab-title-2164\"><ul><li>Formation en entrepreneuriat agricole\u00a0;<\/li><li>Formation en contractualisation agricole\u00a0;<\/li><li>Formation sur les techniques de recherche de march\u00e9\u00a0;<\/li><li>Formation en technique de production agricole, animale et piscicole\u00a0;<\/li><li>Formation en technologie agroalimentaire, en hygi\u00e8ne et norme de qualit\u00e9\u00a0;<\/li><li>Formation en recherche de financement\u00a0: plan d\u2019affaire, n\u00e9gociation et gestion de cr\u00e9dit;<\/li><li style=\"font-size: 16px;\">Formation en gestion des entreprises : strat\u00e9gie, marketing, finance et comptabilit\u00e9.<\/li><\/ul><\/div>\n\t\t\t\t\t\t\t<\/div>\n\t\t<\/div>\n\t\t\t\t<\/div>\n\t\t\t\t<\/div>\n\t\t\t\t\t\t<\/div>\n\t\t\t\t\t<\/div>\n\t\t<\/div>\n\t\t\t\t\t\t\t\t<\/div>\n\t\t\t\t\t<\/div>\n\t\t<\/section>\n\t\t\t\t\t\t<\/div>\n\t\t\t\t\t<\/div>\n\t\t<\/div>\n\t\t\t\t\t\t\t\t<\/div>\n\t\t\t\t\t<\/div>\n\t\t<\/section>\n\t\t\t\t<section class=\"elementor-section elementor-top-section elementor-element elementor-element-5727005 elementor-section-stretched elementor-section-boxed elementor-section-height-default elementor-section-height-default\" data-id=\"5727005\" data-element_type=\"section\" data-settings=\"{&quot;stretch_section&quot;:&quot;section-stretched&quot;}\">\n\t\t\t\t\t\t<div class=\"elementor-container elementor-column-gap-default\">\n\t\t\t\t\t\t\t<div class=\"elementor-row\">\n\t\t\t\t\t<div class=\"elementor-column elementor-col-100 elementor-top-column elementor-element elementor-element-fb63696\" data-id=\"fb63696\" data-element_type=\"column\">\n\t\t\t<div class=\"elementor-column-wrap elementor-element-populated\">\n\t\t\t\t\t\t\t<div class=\"elementor-widget-wrap\">\n\t\t\t\t\t\t<div class=\"elementor-element elementor-element-541a7e3 elementor-widget elementor-widget-heading\" data-id=\"541a7e3\" data-element_type=\"widget\" data-widget_type=\"heading.default\">\n\t\t\t\t<div class=\"elementor-widget-container\">\n\t\t\t<h2 class=\"elementor-heading-title elementor-size-default\">NOS EXPERTISES<\/h2>\t\t<\/div>\n\t\t\t\t<\/div>\n\t\t\t\t<section class=\"elementor-section elementor-inner-section elementor-element elementor-element-5546f3f elementor-section-boxed elementor-section-height-default elementor-section-height-default\" data-id=\"5546f3f\" data-element_type=\"section\">\n\t\t\t\t\t\t<div class=\"elementor-container elementor-column-gap-default\">\n\t\t\t\t\t\t\t<div class=\"elementor-row\">\n\t\t\t\t\t<div class=\"elementor-column elementor-col-100 elementor-inner-column elementor-element elementor-element-3711193\" data-id=\"3711193\" data-element_type=\"column\">\n\t\t\t<div class=\"elementor-column-wrap elementor-element-populated\">\n\t\t\t\t\t\t\t<div class=\"elementor-widget-wrap\">\n\t\t\t\t\t\t<div class=\"elementor-element elementor-element-c749e74 elementor-tabs-view-horizontal elementor-widget elementor-widget-tabs\" data-id=\"c749e74\" data-element_type=\"widget\" data-widget_type=\"tabs.default\">\n\t\t\t\t<div class=\"elementor-widget-container\">\n\t\t\t\t\t<div class=\"elementor-tabs\" role=\"tablist\">\n\t\t\t<div class=\"elementor-tabs-wrapper\">\n\t\t\t\t\t\t\t\t\t<div id=\"elementor-tab-title-2081\" class=\"elementor-tab-title elementor-tab-desktop-title\" data-tab=\"1\" role=\"tab\" aria-controls=\"elementor-tab-content-2081\"><a href=\"\">Appui conseils aux entreprises et organisations<\/a><\/div>\n\t\t\t\t\t\t\t\t\t<div id=\"elementor-tab-title-2082\" class=\"elementor-tab-title elementor-tab-desktop-title\" data-tab=\"2\" role=\"tab\" aria-controls=\"elementor-tab-content-2082\"><a href=\"\">Facilitation \u00e0 l\u2019acc\u00e8s au financement<\/a><\/div>\n\t\t\t\t\t\t\t\t\t<div id=\"elementor-tab-title-2083\" class=\"elementor-tab-title elementor-tab-desktop-title\" data-tab=\"3\" role=\"tab\" aria-controls=\"elementor-tab-content-2083\"><a href=\"\">Assistance comptable et fiscale<\/a><\/div>\n\t\t\t\t\t\t\t\t\t<div id=\"elementor-tab-title-2084\" class=\"elementor-tab-title elementor-tab-desktop-title\" data-tab=\"4\" role=\"tab\" aria-controls=\"elementor-tab-content-2084\"><a href=\"\">D\u00e9veloppement de march\u00e9<\/a><\/div>\n\t\t\t\t\t\t\t\t\t<div id=\"elementor-tab-title-2085\" class=\"elementor-tab-title elementor-tab-desktop-title\" data-tab=\"5\" role=\"tab\" aria-controls=\"elementor-tab-content-2085\"><a href=\"\">Formation et renforcement de capacit\u00e9s des entrepreneurs<\/a><\/div>\n\t\t\t\t\t\t\t<\/div>\n\t\t\t<div class=\"elementor-tabs-content-wrapper\">\n\t\t\t\t\t\t\t\t\t<div class=\"elementor-tab-title elementor-tab-mobile-title\" data-tab=\"1\" role=\"tab\">Appui conseils aux entreprises et organisations<\/div>\n\t\t\t\t\t<div id=\"elementor-tab-content-2081\" class=\"elementor-tab-content elementor-clearfix\" data-tab=\"1\" role=\"tabpanel\" aria-labelledby=\"elementor-tab-title-2081\"><ul><li>Conseil en entrepreneuriat,<\/li><li>Diagnostics des entreprises\u00a0;<\/li><li>Structuration des entreprises;<\/li><li>Conseils en strat\u00e9gie de d\u00e9veloppement des entreprises\u00a0;<\/li><li>\u00c9laboration de plan strat\u00e9gique de d\u00e9veloppement\u00a0;<\/li><li>Conception et impl\u00e9mentation d\u2019outils de gestion d\u2019entreprises.<\/li><\/ul><\/div>\n\t\t\t\t\t\t\t\t\t<div class=\"elementor-tab-title elementor-tab-mobile-title\" data-tab=\"2\" role=\"tab\">Facilitation \u00e0 l\u2019acc\u00e8s au financement<\/div>\n\t\t\t\t\t<div id=\"elementor-tab-content-2082\" class=\"elementor-tab-content elementor-clearfix\" data-tab=\"2\" role=\"tabpanel\" aria-labelledby=\"elementor-tab-title-2082\"><ul><li>Analyse d\u2019opportunit\u00e9s d\u2019affaires et conseils en investissement,<\/li><li>\u00c9laboration des plans d\u2019affaires,<\/li><li>Orientation, accompagnement et n\u00e9gociation de financement\u00a0;<\/li><li>Conseils en gestion du cr\u00e9dit.<\/li><\/ul><\/div>\n\t\t\t\t\t\t\t\t\t<div class=\"elementor-tab-title elementor-tab-mobile-title\" data-tab=\"3\" role=\"tab\">Assistance comptable et fiscale<\/div>\n\t\t\t\t\t<div id=\"elementor-tab-content-2083\" class=\"elementor-tab-content elementor-clearfix\" data-tab=\"3\" role=\"tabpanel\" aria-labelledby=\"elementor-tab-title-2083\"><ul><li>D\u00e9veloppement d\u2019outils comptable;<\/li><li>\u00c9laboration de manuel de gestion administrative et comptable;<\/li><li>Mise en place d\u2019un syst\u00e8me de gestion comptable et financi\u00e8re;<\/li><li>Accompagnement en pr\u00e9-audit de gestion comptable et financi\u00e8re;<\/li><li>Appui \u00e0 la pr\u00e9paration des \u00e9tats financiers;<\/li><li>Conseil en fiscalit\u00e9 des entreprises.<\/li><\/ul><\/div>\n\t\t\t\t\t\t\t\t\t<div class=\"elementor-tab-title elementor-tab-mobile-title\" data-tab=\"4\" role=\"tab\">D\u00e9veloppement de march\u00e9<\/div>\n\t\t\t\t\t<div id=\"elementor-tab-content-2084\" class=\"elementor-tab-content elementor-clearfix\" data-tab=\"4\" role=\"tabpanel\" aria-labelledby=\"elementor-tab-title-2084\"><ul><li>\u00c9tude de march\u00e9,<\/li><li>\u00c9laboration de plan marketing\u00a0et de vente;<\/li><li>Appui \u00e0 la commercialisation de produits agricoles et agroalimentaires;<\/li><li>Repr\u00e9sentation, n\u00e9gociation et gestion de contrats commerciaux.<\/li><\/ul><\/div>\n\t\t\t\t\t\t\t\t\t<div class=\"elementor-tab-title elementor-tab-mobile-title\" data-tab=\"5\" role=\"tab\">Formation et renforcement de capacit\u00e9s des entrepreneurs<\/div>\n\t\t\t\t\t<div id=\"elementor-tab-content-2085\" class=\"elementor-tab-content elementor-clearfix\" data-tab=\"5\" role=\"tabpanel\" aria-labelledby=\"elementor-tab-title-2085\"><ul><li>Diagnostic technique de proc\u00e9d\u00e9s artisanaux et semi-industriels agroalimentaires en vue d\u2019am\u00e9lioration, d\u2019innovation\u00a0et d\u2019investissements ;<\/li><li>Conception et r\u00e9alisation de proc\u00e9d\u00e9s artisanaux et semi -industriels agro-alimentaire respectant les normes de qualit\u00e9 pour des besoins d\u2019investissements\u00a0;<\/li><li>Appui conseil \u00e0 la transformation alimentaire et formulation des produits finis\u00a0;<\/li><li>Aide \u00e0 la mise en place d\u2019un syst\u00e8me qualit\u00e9 (manuel qualit\u00e9, etc.)<\/li><li>Appui conseil \u00e0 la gestion optimale des co\u00fbts et de fourniture d\u2019\u00e9nergie.<\/li><\/ul><\/div>\n\t\t\t\t\t\t\t<\/div>\n\t\t<\/div>\n\t\t\t\t<\/div>\n\t\t\t\t<\/div>\n\t\t\t\t\t\t<\/div>\n\t\t\t\t\t<\/div>\n\t\t<\/div>\n\t\t\t\t\t\t\t\t<\/div>\n\t\t\t\t\t<\/div>\n\t\t<\/section>\n\t\t\t\t<section class=\"elementor-section elementor-inner-section elementor-element elementor-element-81ce149 elementor-section-boxed elementor-section-height-default elementor-section-height-default\" data-id=\"81ce149\" data-element_type=\"section\">\n\t\t\t\t\t\t<div class=\"elementor-container elementor-column-gap-default\">\n\t\t\t\t\t\t\t<div class=\"elementor-row\">\n\t\t\t\t\t<div class=\"elementor-column elementor-col-100 elementor-inner-column elementor-element elementor-element-0751811\" data-id=\"0751811\" data-element_type=\"column\">\n\t\t\t<div class=\"elementor-column-wrap elementor-element-populated\">\n\t\t\t\t\t\t\t<div class=\"elementor-widget-wrap\">\n\t\t\t\t\t\t<div class=\"elementor-element elementor-element-aff2105 elementor-tabs-view-horizontal elementor-widget elementor-widget-tabs\" data-id=\"aff2105\" data-element_type=\"widget\" data-widget_type=\"tabs.default\">\n\t\t\t\t<div class=\"elementor-widget-container\">\n\t\t\t\t\t<div class=\"elementor-tabs\" role=\"tablist\">\n\t\t\t<div class=\"elementor-tabs-wrapper\">\n\t\t\t\t\t\t\t\t\t<div id=\"elementor-tab-title-1841\" class=\"elementor-tab-title elementor-tab-desktop-title\" data-tab=\"1\" role=\"tab\" aria-controls=\"elementor-tab-content-1841\"><a href=\"\">Environnement et d\u00e9veloppement durable <\/a><\/div>\n\t\t\t\t\t\t\t\t\t<div id=\"elementor-tab-title-1842\" class=\"elementor-tab-title elementor-tab-desktop-title\" data-tab=\"2\" role=\"tab\" aria-controls=\"elementor-tab-content-1842\"><a href=\"\">D\u00e9veloppement local et rural<\/a><\/div>\n\t\t\t\t\t\t\t\t\t<div id=\"elementor-tab-title-1843\" class=\"elementor-tab-title elementor-tab-desktop-title\" data-tab=\"3\" role=\"tab\" aria-controls=\"elementor-tab-content-1843\"><a href=\"\">\u00c9tudes et gestion de projets<\/a><\/div>\n\t\t\t\t\t\t\t\t\t<div id=\"elementor-tab-title-1844\" class=\"elementor-tab-title elementor-tab-desktop-title\" data-tab=\"4\" role=\"tab\" aria-controls=\"elementor-tab-content-1844\"><a href=\"\">Formation et renforcement de capacit\u00e9s des entrepreneurs<\/a><\/div>\n\t\t\t\t\t\t\t\t\t<div id=\"elementor-tab-title-1845\" class=\"elementor-tab-title elementor-tab-desktop-title\" data-tab=\"5\" role=\"tab\" aria-controls=\"elementor-tab-content-1845\"><a href=\"\">Am\u00e9nagements Hydro-agricoles <\/a><\/div>\n\t\t\t\t\t\t\t<\/div>\n\t\t\t<div class=\"elementor-tabs-content-wrapper\">\n\t\t\t\t\t\t\t\t\t<div class=\"elementor-tab-title elementor-tab-mobile-title\" data-tab=\"1\" role=\"tab\">Environnement et d\u00e9veloppement durable <\/div>\n\t\t\t\t\t<div id=\"elementor-tab-content-1841\" class=\"elementor-tab-content elementor-clearfix\" data-tab=\"1\" role=\"tabpanel\" aria-labelledby=\"elementor-tab-title-1841\"><ul>\n<li>Appui conseil en environnement et pratique agro\u00e9cologie\u00a0;<\/li>\n<li>Etude d\u2019impact environnemental et social;<\/li>\n<li>Elaboration de plan de gestion environnementale et sociale;<\/li>\n<li>Suivi de plan de gestion environnementale et sociale\u00a0;<\/li>\n<li>Appui \u00e0 la gestion durable des ressources foresti\u00e8res et naturelles.<\/li>\n<\/ul><\/div>\n\t\t\t\t\t\t\t\t\t<div class=\"elementor-tab-title elementor-tab-mobile-title\" data-tab=\"2\" role=\"tab\">D\u00e9veloppement local et rural<\/div>\n\t\t\t\t\t<div id=\"elementor-tab-content-1842\" class=\"elementor-tab-content elementor-clearfix\" data-tab=\"2\" role=\"tabpanel\" aria-labelledby=\"elementor-tab-title-1842\"><ul>\n<li>Elaboration de plan de d\u00e9veloppement communal\u00a0;<\/li>\n<li>Initiation et gestion de microprojets de d\u00e9veloppement\u00a0;<\/li>\n<li>Appui \u00e0 la r\u00e9alisation de diagnostics de terroirs et de planification participative\u00a0;<\/li>\n<\/ul><\/div>\n\t\t\t\t\t\t\t\t\t<div class=\"elementor-tab-title elementor-tab-mobile-title\" data-tab=\"3\" role=\"tab\">\u00c9tudes et gestion de projets<\/div>\n\t\t\t\t\t<div id=\"elementor-tab-content-1843\" class=\"elementor-tab-content elementor-clearfix\" data-tab=\"3\" role=\"tabpanel\" aria-labelledby=\"elementor-tab-title-1843\"><ul>\n<li>Etudes de faisabilit\u00e9 de projets,<\/li>\n<li>Etudes socio\u00e9conomiques et r\u00e9silience;<\/li>\n<li>Suivi \u00e9valuation de projet\u00a0de d\u00e9veloppement et de r\u00e9silience;<\/li>\n<\/ul><\/div>\n\t\t\t\t\t\t\t\t\t<div class=\"elementor-tab-title elementor-tab-mobile-title\" data-tab=\"4\" role=\"tab\">Formation et renforcement de capacit\u00e9s des entrepreneurs<\/div>\n\t\t\t\t\t<div id=\"elementor-tab-content-1844\" class=\"elementor-tab-content elementor-clearfix\" data-tab=\"4\" role=\"tabpanel\" aria-labelledby=\"elementor-tab-title-1844\"><ul>\n<li>Formation en entrepreneuriat agricole\u00a0;<\/li>\n<li>Formation en contractualisation agricole\u00a0;<\/li>\n<li>Formation sur les techniques de recherche de march\u00e9\u00a0;<\/li>\n<li>Formation en technique de production agricole, animale et piscicole\u00a0;<\/li>\n<li>Formation en technologie agroalimentaire, en hygi\u00e8ne et norme de qualit\u00e9\u00a0;<\/li>\n<li>Formation en recherche de financement\u00a0: plan d\u2019affaire, n\u00e9gociation et gestion de cr\u00e9dit;<\/li>\n<li>Formation en gestion des entreprises : strat\u00e9gie, marketing, finance et comptabilit\u00e9.<\/li>\n<\/ul><\/div>\n\t\t\t\t\t\t\t\t\t<div class=\"elementor-tab-title elementor-tab-mobile-title\" data-tab=\"5\" role=\"tab\">Am\u00e9nagements Hydro-agricoles <\/div>\n\t\t\t\t\t<div id=\"elementor-tab-content-1845\" class=\"elementor-tab-content elementor-clearfix\" data-tab=\"5\" role=\"tabpanel\" aria-labelledby=\"elementor-tab-title-1845\"><ul><li>Etude de faisabilit\u00e9 technico-\u00e9conomique\u00a0;<\/li><li>Suivi-contr\u00f4le des travaux d\u2019am\u00e9nagements et de r\u00e9habilitation\u00a0;<\/li><li>Etude d\u2019inventaire de p\u00e9rim\u00e8tres irrigu\u00e9s\u00a0;<\/li><li>Etude de faisabilit\u00e9 technico-\u00e9conomique\u00a0;<\/li><li>Suivi-contr\u00f4le des travaux d\u2019am\u00e9nagements et de r\u00e9habilitation\u00a0;<\/li><li>Etude d\u2019inventaire de p\u00e9rim\u00e8tres irrigu\u00e9s\u00a0;<\/li><\/ul><\/div>\n\t\t\t\t\t\t\t<\/div>\n\t\t<\/div>\n\t\t\t\t<\/div>\n\t\t\t\t<\/div>\n\t\t\t\t\t\t<\/div>\n\t\t\t\t\t<\/div>\n\t\t<\/div>\n\t\t\t\t\t\t\t\t<\/div>\n\t\t\t\t\t<\/div>\n\t\t<\/section>\n\t\t\t\t\t\t<\/div>\n\t\t\t\t\t<\/div>\n\t\t<\/div>\n\t\t\t\t\t\t\t\t<\/div>\n\t\t\t\t\t<\/div>\n\t\t<\/section>\n\t\t\t\t\t\t<\/div>\n\t\t\t\t\t\t<\/div>\n\t\t\t\t\t<\/div>\n\t\t","protected":false},"excerpt":{"rendered":"<p>NOS SERVICES Appui conseil Assistance technique \u00c9tudes et Gestion de projet Formation Appui conseil Conseil en entrepreneuriat, Diagnostics des entreprises\u00a0; Structuration des entreprises; Conseils en strat\u00e9gie de d\u00e9veloppement des entreprises\u00a0; \u00c9laboration de plan strat\u00e9gique de d\u00e9veloppement\u00a0; Conception et impl\u00e9mentation d\u2019outils de gestion d\u2019entreprises. Assistance technique D\u00e9veloppement d\u2019outils ; \u00c9laboration de manuel de gestion administrative ; &hellip;<\/p>\n<p class=\"read-more\"> <a class=\"\" href=\"https:\/\/agrigrowth-bf.com\/?page_id=526\"> <span class=\"screen-reader-text\">Nos Services\/Expertises<\/span> Lire la suite\u00a0\u00bb<\/a><\/p>\n","protected":false},"author":1,"featured_media":0,"parent":0,"menu_order":0,"comment_status":"closed","ping_status":"closed","template":"","meta":[],"uagb_featured_image_src":{"full":false,"thumbnail":false,"medium":false,"medium_large":false,"large":false,"1536x1536":false,"2048x2048":false},"uagb_author_info":{"display_name":"loogoba","author_link":"https:\/\/agrigrowth-bf.com\/?author=1"},"uagb_comment_info":0,"uagb_excerpt":"NOS SERVICES Appui conseil Assistance technique \u00c9tudes et Gestion de projet Formation Appui conseil Conseil en entrepreneuriat, Diagnostics des entreprises\u00a0; Structuration des entreprises; Conseils en strat\u00e9gie de d\u00e9veloppement des entreprises\u00a0; \u00c9laboration de plan strat\u00e9gique de d\u00e9veloppement\u00a0; Conception et impl\u00e9mentation d\u2019outils de gestion d\u2019entreprises. Assistance technique D\u00e9veloppement d\u2019outils ; \u00c9laboration de manuel de gestion administrative ;\u2026","_links":{"self":[{"href":"https:\/\/agrigrowth-bf.com\/index.php?rest_route=\/wp\/v2\/pages\/526"}],"collection":[{"href":"https:\/\/agrigrowth-bf.com\/index.php?rest_route=\/wp\/v2\/pages"}],"about":[{"href":"https:\/\/agrigrowth-bf.com\/index.php?rest_route=\/wp\/v2\/types\/page"}],"author":[{"embeddable":true,"href":"https:\/\/agrigrowth-bf.com\/index.php?rest_route=\/wp\/v2\/users\/1"}],"replies":[{"embeddable":true,"href":"https:\/\/agrigrowth-bf.com\/index.php?rest_route=%2Fwp%2Fv2%2Fcomments&post=526"}],"version-history":[{"count":13,"href":"https:\/\/agrigrowth-bf.com\/index.php?rest_route=\/wp\/v2\/pages\/526\/revisions"}],"predecessor-version":[{"id":719,"href":"https:\/\/agrigrowth-bf.com\/index.php?rest_route=\/wp\/v2\/pages\/526\/revisions\/719"}],"wp:attachment":[{"href":"https:\/\/agrigrowth-bf.com\/index.php?rest_route=%2Fwp%2Fv2%2Fmedia&parent=526"}],"curies":[{"name":"wp","href":"https:\/\/api.w.org\/{rel}","templated":true}]}}