{"id":278,"date":"2019-06-26T09:42:04","date_gmt":"2019-06-26T09:42:04","guid":{"rendered":"http:\/\/agrigrowth-bf.com\/?page_id=278"},"modified":"2020-01-08T13:03:00","modified_gmt":"2020-01-08T13:03:00","slug":"projets-programmes","status":"publish","type":"page","link":"https:\/\/agrigrowth-bf.com\/?page_id=278","title":{"rendered":"Projets\/Programmes"},"content":{"rendered":"\t\t<div data-elementor-type=\"wp-post\" data-elementor-id=\"278\" class=\"elementor elementor-278\" data-elementor-settings=\"[]\">\n\t\t\t\t\t\t<div class=\"elementor-inner\">\n\t\t\t\t\t\t\t<div class=\"elementor-section-wrap\">\n\t\t\t\t\t\t\t<section class=\"elementor-section elementor-top-section elementor-element elementor-element-715f5b8f elementor-section-boxed elementor-section-height-default elementor-section-height-default\" data-id=\"715f5b8f\" data-element_type=\"section\">\n\t\t\t\t\t\t<div class=\"elementor-container elementor-column-gap-default\">\n\t\t\t\t\t\t\t<div class=\"elementor-row\">\n\t\t\t\t\t<div class=\"elementor-column elementor-col-100 elementor-top-column elementor-element elementor-element-1e9c2005\" data-id=\"1e9c2005\" data-element_type=\"column\">\n\t\t\t<div class=\"elementor-column-wrap elementor-element-populated\">\n\t\t\t\t\t\t\t<div class=\"elementor-widget-wrap\">\n\t\t\t\t\t\t<div class=\"elementor-element elementor-element-3126bd39 elementor-widget elementor-widget-spacer\" data-id=\"3126bd39\" data-element_type=\"widget\" data-widget_type=\"spacer.default\">\n\t\t\t\t<div class=\"elementor-widget-container\">\n\t\t\t\t\t<div class=\"elementor-spacer\">\n\t\t\t<div class=\"elementor-spacer-inner\"><\/div>\n\t\t<\/div>\n\t\t\t\t<\/div>\n\t\t\t\t<\/div>\n\t\t\t\t<section class=\"elementor-section elementor-inner-section elementor-element elementor-element-309169e3 elementor-section-boxed elementor-section-height-default elementor-section-height-default\" data-id=\"309169e3\" data-element_type=\"section\">\n\t\t\t\t\t\t<div class=\"elementor-container elementor-column-gap-default\">\n\t\t\t\t\t\t\t<div class=\"elementor-row\">\n\t\t\t\t\t<div class=\"elementor-column elementor-col-50 elementor-inner-column elementor-element elementor-element-70945c13\" data-id=\"70945c13\" data-element_type=\"column\">\n\t\t\t<div class=\"elementor-column-wrap elementor-element-populated\">\n\t\t\t\t\t\t\t<div class=\"elementor-widget-wrap\">\n\t\t\t\t\t\t<div class=\"elementor-element elementor-element-7165513f elementor-arrows-position-inside elementor-pagination-position-outside elementor-widget elementor-widget-image-carousel\" data-id=\"7165513f\" data-element_type=\"widget\" data-settings=\"{&quot;slides_to_show&quot;:&quot;1&quot;,&quot;navigation&quot;:&quot;both&quot;,&quot;autoplay&quot;:&quot;yes&quot;,&quot;pause_on_hover&quot;:&quot;yes&quot;,&quot;pause_on_interaction&quot;:&quot;yes&quot;,&quot;autoplay_speed&quot;:5000,&quot;infinite&quot;:&quot;yes&quot;,&quot;effect&quot;:&quot;slide&quot;,&quot;speed&quot;:500}\" data-widget_type=\"image-carousel.default\">\n\t\t\t\t<div class=\"elementor-widget-container\">\n\t\t\t\t\t<div class=\"elementor-image-carousel-wrapper swiper-container\" dir=\"ltr\">\n\t\t\t<div class=\"elementor-image-carousel swiper-wrapper swiper-image-stretch\">\n\t\t\t\t<div class=\"swiper-slide\"><figure class=\"swiper-slide-inner\"><img decoding=\"async\" class=\"swiper-slide-image\" src=\"https:\/\/agrigrowth-bf.com\/wp-content\/uploads\/2019\/06\/BIEN.jpg\" alt=\"BIEN\" \/><\/figure><\/div><div class=\"swiper-slide\"><figure class=\"swiper-slide-inner\"><img decoding=\"async\" class=\"swiper-slide-image\" src=\"https:\/\/agrigrowth-bf.com\/wp-content\/uploads\/2019\/06\/IMG-20190331-WA0059.jpg\" alt=\"IMG-20190331-WA0059\" \/><\/figure><\/div><div class=\"swiper-slide\"><figure class=\"swiper-slide-inner\"><img decoding=\"async\" class=\"swiper-slide-image\" src=\"https:\/\/agrigrowth-bf.com\/wp-content\/uploads\/2019\/06\/IMG_20190331_132543_5.jpg\" alt=\"IMG_20190331_132543_5\" \/><\/figure><\/div><div class=\"swiper-slide\"><figure class=\"swiper-slide-inner\"><img decoding=\"async\" class=\"swiper-slide-image\" src=\"https:\/\/agrigrowth-bf.com\/wp-content\/uploads\/2019\/06\/IMG-20190330-WA0003.jpg\" alt=\"IMG-20190330-WA0003\" \/><\/figure><\/div><div class=\"swiper-slide\"><figure class=\"swiper-slide-inner\"><img decoding=\"async\" class=\"swiper-slide-image\" src=\"https:\/\/agrigrowth-bf.com\/wp-content\/uploads\/2019\/06\/IMG-20190622-WA0026.jpg\" alt=\"IMG-20190622-WA0026\" \/><\/figure><\/div><div class=\"swiper-slide\"><figure class=\"swiper-slide-inner\"><img decoding=\"async\" class=\"swiper-slide-image\" src=\"https:\/\/agrigrowth-bf.com\/wp-content\/uploads\/2019\/06\/IMG-20190622-WA0004.jpg\" alt=\"IMG-20190622-WA0004\" \/><\/figure><\/div><div class=\"swiper-slide\"><figure class=\"swiper-slide-inner\"><img decoding=\"async\" class=\"swiper-slide-image\" src=\"https:\/\/agrigrowth-bf.com\/wp-content\/uploads\/2019\/06\/Logo-PCESA.jpg\" alt=\"Logo PCESA\" \/><\/figure><\/div><div class=\"swiper-slide\"><figure class=\"swiper-slide-inner\"><img decoding=\"async\" class=\"swiper-slide-image\" src=\"https:\/\/agrigrowth-bf.com\/wp-content\/uploads\/2019\/06\/IMG_20190314_165757_8.jpg\" alt=\"IMG_20190314_165757_8\" \/><\/figure><\/div>\t\t\t<\/div>\n\t\t\t\t\t\t\t\t\t\t\t\t<div class=\"swiper-pagination\"><\/div>\n\t\t\t\t\t\t\t\t\t\t\t\t\t<div class=\"elementor-swiper-button elementor-swiper-button-prev\">\n\t\t\t\t\t\t<i class=\"eicon-chevron-left\" aria-hidden=\"true\"><\/i>\n\t\t\t\t\t\t<span class=\"elementor-screen-only\">Pr\u00e9c\u00e9dent<\/span>\n\t\t\t\t\t<\/div>\n\t\t\t\t\t<div class=\"elementor-swiper-button elementor-swiper-button-next\">\n\t\t\t\t\t\t<i class=\"eicon-chevron-right\" aria-hidden=\"true\"><\/i>\n\t\t\t\t\t\t<span class=\"elementor-screen-only\">Suivant<\/span>\n\t\t\t\t\t<\/div>\n\t\t\t\t\t\t\t\t\t<\/div>\n\t\t\t\t<\/div>\n\t\t\t\t<\/div>\n\t\t\t\t\t\t<\/div>\n\t\t\t\t\t<\/div>\n\t\t<\/div>\n\t\t\t\t<div class=\"elementor-column elementor-col-50 elementor-inner-column elementor-element elementor-element-2fde3575\" data-id=\"2fde3575\" data-element_type=\"column\">\n\t\t\t<div class=\"elementor-column-wrap elementor-element-populated\">\n\t\t\t\t\t\t\t<div class=\"elementor-widget-wrap\">\n\t\t\t\t\t\t<div class=\"elementor-element elementor-element-3cc730c6 elementor-widget elementor-widget-spacer\" data-id=\"3cc730c6\" data-element_type=\"widget\" data-widget_type=\"spacer.default\">\n\t\t\t\t<div class=\"elementor-widget-container\">\n\t\t\t\t\t<div class=\"elementor-spacer\">\n\t\t\t<div class=\"elementor-spacer-inner\"><\/div>\n\t\t<\/div>\n\t\t\t\t<\/div>\n\t\t\t\t<\/div>\n\t\t\t\t<div class=\"elementor-element elementor-element-faa0f9b elementor-position-left elementor-view-default elementor-vertical-align-top elementor-widget elementor-widget-icon-box\" data-id=\"faa0f9b\" data-element_type=\"widget\" data-widget_type=\"icon-box.default\">\n\t\t\t\t<div class=\"elementor-widget-container\">\n\t\t\t\t\t<div class=\"elementor-icon-box-wrapper\">\n\t\t\t\t\t\t<div class=\"elementor-icon-box-icon\">\n\t\t\t\t<span class=\"elementor-icon elementor-animation-\" >\n\t\t\t\t\t\t\t\t<\/span>\n\t\t\t<\/div>\n\t\t\t\t\t\t<div class=\"elementor-icon-box-content\">\n\t\t\t\t<h3 class=\"elementor-icon-box-title\">\n\t\t\t\t\t<span >PROJETS\/PROGRAMMES<\/span>\n\t\t\t\t<\/h3>\n\t\t\t\t\t\t\t\t<p class=\"elementor-icon-box-description\">Les projets et programmes r\u00e9alis\u00e9s<\/p>\n\t\t\t\t\t\t\t<\/div>\n\t\t<\/div>\n\t\t\t\t<\/div>\n\t\t\t\t<\/div>\n\t\t\t\t<div class=\"elementor-element elementor-element-2a88caf elementor-widget elementor-widget-spacer\" data-id=\"2a88caf\" data-element_type=\"widget\" data-widget_type=\"spacer.default\">\n\t\t\t\t<div class=\"elementor-widget-container\">\n\t\t\t\t\t<div class=\"elementor-spacer\">\n\t\t\t<div class=\"elementor-spacer-inner\"><\/div>\n\t\t<\/div>\n\t\t\t\t<\/div>\n\t\t\t\t<\/div>\n\t\t\t\t<div class=\"elementor-element elementor-element-26b7e945 elementor-widget elementor-widget-accordion\" data-id=\"26b7e945\" data-element_type=\"widget\" data-widget_type=\"accordion.default\">\n\t\t\t\t<div class=\"elementor-widget-container\">\n\t\t\t\t\t<div class=\"elementor-accordion\" role=\"tablist\">\n\t\t\t\t\t\t\t<div class=\"elementor-accordion-item\">\n\t\t\t\t\t<div id=\"elementor-tab-title-6491\" class=\"elementor-tab-title\" data-tab=\"1\" role=\"tab\" aria-controls=\"elementor-tab-content-6491\">\n\t\t\t\t\t\t\t\t\t\t\t\t\t<span class=\"elementor-accordion-icon elementor-accordion-icon-left\" aria-hidden=\"true\">\n\t\t\t\t\t\t\t\t\t\t\t\t\t\t\t<i class=\"elementor-accordion-icon-closed fa fa-plus\"><\/i>\n\t\t\t\t\t\t\t\t<i class=\"elementor-accordion-icon-opened fa fa-minus\"><\/i>\n\t\t\t\t\t\t\t\t\t\t\t\t\t\t<\/span>\n\t\t\t\t\t\t\t\t\t\t\t\t<a class=\"elementor-accordion-title\" href=\"\">Programme de Croissance Economique dans le Secteur Agricole (PCESA), 2017 - 2021  Composante 2 : Appui \u00e0 l\u2019entrepreneuriat agricole<\/a>\n\t\t\t\t\t<\/div>\n\t\t\t\t\t<div id=\"elementor-tab-content-6491\" class=\"elementor-tab-content elementor-clearfix\" data-tab=\"1\" role=\"tabpanel\" aria-labelledby=\"elementor-tab-title-6491\"><table class=\"MsoTableGrid\" style=\"width: 745px; margin-left: -3.15pt; border-collapse: collapse; height: 154px;\" border=\"1\" width=\"718\" cellspacing=\"0\" cellpadding=\"0\"><tbody><tr><td style=\"width: 115.15pt; border-width: 1pt; border-color: windowtext; padding: 0cm 5.4pt;\" valign=\"top\" width=\"154\"><p class=\"MsoNormal\" style=\"text-align: justify;\"><b><span style=\"font-size: 12.0pt; mso-fareast-font-family: Calibri; color: windowtext;\">Partenaire d\u2019ex\u00e9cution <\/span><\/b><\/p><\/td><td style=\"width: 156.1pt; border-top-width: 1pt; border-right-width: 1pt; border-bottom-width: 1pt; border-top-color: windowtext; border-right-color: windowtext; border-bottom-color: windowtext; border-left: none; padding: 0cm 5.4pt;\" valign=\"top\" width=\"208\"><p class=\"MsoNormal\" style=\"text-align: justify;\"><b><span style=\"font-size: 12.0pt; mso-fareast-font-family: Calibri; color: windowtext;\">Source de Financement <\/span><\/b><\/p><\/td><\/tr><tr><td style=\"width: 115.15pt; border-right-width: 1pt; border-bottom-width: 1pt; border-left-width: 1pt; border-right-color: windowtext; border-bottom-color: windowtext; border-left-color: windowtext; border-top: none; padding: 0cm 5.4pt;\" valign=\"top\" width=\"154\"><p class=\"MsoNormal\" style=\"text-align: justify;\"><span style=\"font-size: 12.0pt; mso-fareast-font-family: Calibri; color: windowtext;\">Huit (08) op\u00e9rateurs \u00e9conomiques dans les fili\u00e8res ma\u00efs, riz, mangue, anacarde, karit\u00e9.<\/span><\/p><\/td><td style=\"width: 156.1pt; border-top: none; border-left: none; border-bottom-width: 1pt; border-bottom-color: windowtext; border-right-width: 1pt; border-right-color: windowtext; padding: 0cm 5.4pt;\" valign=\"top\" width=\"208\"><p class=\"MsoNormal\" style=\"text-align: justify;\"><span style=\"font-size: 12.0pt; mso-fareast-font-family: Calibri; color: windowtext;\">Fonds Agro-Industrie _ Ambassade Royal du Danemark (ARD) et l\u2019Union Europ\u00e9enne (UE).\u00a0 \u00a0 \u00a0 \u00a0 \u00a0 \u00a0 \u00a0 \u00a0 \u00a0 <\/span><span style=\"color: windowtext; font-size: 12pt;\"><b>Montant du financement g\u00e9r\u00e9<\/b>\u00a0: 480\u00a0millions de FCFA<\/span><\/p><\/td><\/tr><\/tbody><\/table><\/div>\n\t\t\t\t<\/div>\n\t\t\t\t\t\t\t<div class=\"elementor-accordion-item\">\n\t\t\t\t\t<div id=\"elementor-tab-title-6492\" class=\"elementor-tab-title\" data-tab=\"2\" role=\"tab\" aria-controls=\"elementor-tab-content-6492\">\n\t\t\t\t\t\t\t\t\t\t\t\t\t<span class=\"elementor-accordion-icon elementor-accordion-icon-left\" aria-hidden=\"true\">\n\t\t\t\t\t\t\t\t\t\t\t\t\t\t\t<i class=\"elementor-accordion-icon-closed fa fa-plus\"><\/i>\n\t\t\t\t\t\t\t\t<i class=\"elementor-accordion-icon-opened fa fa-minus\"><\/i>\n\t\t\t\t\t\t\t\t\t\t\t\t\t\t<\/span>\n\t\t\t\t\t\t\t\t\t\t\t\t<a class=\"elementor-accordion-title\" href=\"\">Am\u00e9lioration de l\u2019Acc\u00e8s au financement pour les acteurs du maillon commercialisation de la fili\u00e8re ma\u00efs au Burkina (AMAFINE), Janvier 2018 \u2013 Juin 2019  Objet : financement de la fili\u00e8re ma\u00efs<\/a>\n\t\t\t\t\t<\/div>\n\t\t\t\t\t<div id=\"elementor-tab-content-6492\" class=\"elementor-tab-content elementor-clearfix\" data-tab=\"2\" role=\"tabpanel\" aria-labelledby=\"elementor-tab-title-6492\"><table style=\"width: 745px; margin-left: -3.15pt; border-collapse: collapse; height: 113px;\" border=\"1\" width=\"718\" cellspacing=\"0\" cellpadding=\"0\"><tbody><tr><td style=\"width: 228.7pt; border-width: 1pt; border-color: windowtext; padding: 0cm 5.4pt;\" valign=\"top\" width=\"305\"><p style=\"text-align: justify;\"><b><span style=\"font-size: 12.0pt; mso-fareast-font-family: Calibri; color: windowtext;\">Partenaire d\u2019ex\u00e9cution <\/span><\/b><\/p><\/td><td style=\"width: 310pt; border-top-width: 1pt; border-right-width: 1pt; border-bottom-width: 1pt; border-top-color: windowtext; border-right-color: windowtext; border-bottom-color: windowtext; border-left: none; padding: 0cm 5.4pt;\" valign=\"top\" width=\"413\"><p style=\"text-align: justify;\"><b><span style=\"font-size: 12.0pt; mso-fareast-font-family: Calibri; color: windowtext;\">Source de Financement <\/span><\/b><\/p><\/td><\/tr><tr><td style=\"width: 228.7pt; border-right-width: 1pt; border-bottom-width: 1pt; border-left-width: 1pt; border-right-color: windowtext; border-bottom-color: windowtext; border-left-color: windowtext; border-top: none; padding: 0cm 5.4pt;\" valign=\"top\" width=\"305\"><p style=\"text-align: justify;\"><span style=\"font-size: 12.0pt; mso-fareast-font-family: Calibri; color: windowtext;\">Plateforme d\u2019innovation ma\u00efs des Hauts Bassins et du Centre Ouest<\/span><\/p><\/td><td style=\"width: 310pt; border-top: none; border-left: none; border-bottom-width: 1pt; border-bottom-color: windowtext; border-right-width: 1pt; border-right-color: windowtext; padding: 0cm 5.4pt;\" valign=\"top\" width=\"413\"><p style=\"text-align: justify;\"><span style=\"font-size: 12.0pt; mso-fareast-font-family: Calibri; color: windowtext;\">CORAF (<\/span><span style=\"font-size: 12pt; background-image: initial; background-position: initial; background-size: initial; background-repeat: initial; background-attachment: initial; background-origin: initial; background-clip: initial;\">Conseil Ouest et Centre africain pour la recherche et le d\u00e9veloppement agricoles).\u00a0 \u00a0 \u00a0 \u00a0 \u00a0 \u00a0 \u00a0 \u00a0 \u00a0 <\/span><span style=\"color: windowtext; font-size: 12pt;\">Montant\u00a0: 20 millions de FCFA<\/span><\/p><\/td><\/tr><\/tbody><\/table><\/div>\n\t\t\t\t<\/div>\n\t\t\t\t\t\t\t<div class=\"elementor-accordion-item\">\n\t\t\t\t\t<div id=\"elementor-tab-title-6493\" class=\"elementor-tab-title\" data-tab=\"3\" role=\"tab\" aria-controls=\"elementor-tab-content-6493\">\n\t\t\t\t\t\t\t\t\t\t\t\t\t<span class=\"elementor-accordion-icon elementor-accordion-icon-left\" aria-hidden=\"true\">\n\t\t\t\t\t\t\t\t\t\t\t\t\t\t\t<i class=\"elementor-accordion-icon-closed fa fa-plus\"><\/i>\n\t\t\t\t\t\t\t\t<i class=\"elementor-accordion-icon-opened fa fa-minus\"><\/i>\n\t\t\t\t\t\t\t\t\t\t\t\t\t\t<\/span>\n\t\t\t\t\t\t\t\t\t\t\t\t<a class=\"elementor-accordion-title\" href=\"\">AgriGrowth Initiative (AGI)  Objet : appui au d\u00e9veloppement des micro et petites entreprises du secteur de l\u2019agriculture<\/a>\n\t\t\t\t\t<\/div>\n\t\t\t\t\t<div id=\"elementor-tab-content-6493\" class=\"elementor-tab-content elementor-clearfix\" data-tab=\"3\" role=\"tabpanel\" aria-labelledby=\"elementor-tab-title-6493\"><table style=\"width: 538.7pt; margin-left: -3.15pt; border-collapse: collapse; border: initial none initial;\" border=\"1\" width=\"718\" cellspacing=\"0\" cellpadding=\"0\"><tbody><tr><td style=\"width: 228.7pt; border-width: 1pt; border-color: windowtext; padding: 0cm 5.4pt;\" valign=\"top\" width=\"305\"><p style=\"text-align: justify;\"><b><span style=\"font-size: 12.0pt; mso-fareast-font-family: Calibri; color: windowtext;\">Partenaire d\u2019ex\u00e9cution <\/span><\/b><\/p><\/td><td style=\"width: 310pt; border-top-width: 1pt; border-right-width: 1pt; border-bottom-width: 1pt; border-top-color: windowtext; border-right-color: windowtext; border-bottom-color: windowtext; border-left: none; padding: 0cm 5.4pt;\" valign=\"top\" width=\"413\"><p style=\"text-align: justify;\"><b><span style=\"font-size: 12.0pt; mso-fareast-font-family: Calibri; color: windowtext;\">Source de Financement <\/span><\/b><\/p><\/td><\/tr><tr><td style=\"width: 228.7pt; border-right-width: 1pt; border-bottom-width: 1pt; border-left-width: 1pt; border-right-color: windowtext; border-bottom-color: windowtext; border-left-color: windowtext; border-top: none; padding: 0cm 5.4pt;\" valign=\"top\" width=\"305\"><p style=\"text-align: justify;\"><span style=\"font-size: 12.0pt; mso-fareast-font-family: Calibri; color: windowtext;\">Micro et petites entreprises agricoles<\/span><\/p><\/td><td style=\"width: 310pt; border-top: none; border-left: none; border-bottom-width: 1pt; border-bottom-color: windowtext; border-right-width: 1pt; border-right-color: windowtext; padding: 0cm 5.4pt;\" valign=\"top\" width=\"413\"><p style=\"text-align: justify;\"><span style=\"font-size: 12.0pt; mso-fareast-font-family: Calibri; color: windowtext;\">Internes\u00a0 \u00a0 \u00a0 \u00a0 \u00a0 \u00a0 \u00a0 \u00a0 \u00a0 \u00a0 \u00a0 \u00a0 \u00a0 \u00a0 \u00a0 \u00a0 \u00a0 \u00a0 \u00a0 \u00a0 \u00a0 \u00a0 \u00a0 \u00a0 \u00a0 \u00a0 \u00a0 \u00a0 \u00a0 \u00a0 \u00a0 \u00a0 \u00a0 \u00a0 \u00a0 <\/span><span style=\"color: windowtext; font-size: 12pt;\">Budget pr\u00e9visionnel\u00a0: 5 millions FCFA<\/span><\/p><\/td><\/tr><\/tbody><\/table><\/div>\n\t\t\t\t<\/div>\n\t\t\t\t\t<\/div>\n\t\t\t\t<\/div>\n\t\t\t\t<\/div>\n\t\t\t\t<div class=\"elementor-element elementor-element-50d9174c elementor-widget elementor-widget-spacer\" data-id=\"50d9174c\" data-element_type=\"widget\" data-widget_type=\"spacer.default\">\n\t\t\t\t<div class=\"elementor-widget-container\">\n\t\t\t\t\t<div class=\"elementor-spacer\">\n\t\t\t<div class=\"elementor-spacer-inner\"><\/div>\n\t\t<\/div>\n\t\t\t\t<\/div>\n\t\t\t\t<\/div>\n\t\t\t\t\t\t<\/div>\n\t\t\t\t\t<\/div>\n\t\t<\/div>\n\t\t\t\t\t\t\t\t<\/div>\n\t\t\t\t\t<\/div>\n\t\t<\/section>\n\t\t\t\t\t\t<\/div>\n\t\t\t\t\t<\/div>\n\t\t<\/div>\n\t\t\t\t\t\t\t\t<\/div>\n\t\t\t\t\t<\/div>\n\t\t<\/section>\n\t\t\t\t\t\t<\/div>\n\t\t\t\t\t\t<\/div>\n\t\t\t\t\t<\/div>\n\t\t","protected":false},"excerpt":{"rendered":"<p>PROJETS\/PROGRAMMES Les projets et programmes r\u00e9alis\u00e9s Programme de Croissance Economique dans le Secteur Agricole (PCESA), 2017 &#8211; 2021 Composante 2 : Appui \u00e0 l\u2019entrepreneuriat agricole Partenaire d\u2019ex\u00e9cution Source de Financement Huit (08) op\u00e9rateurs \u00e9conomiques dans les fili\u00e8res ma\u00efs, riz, mangue, anacarde, karit\u00e9. Fonds Agro-Industrie _ Ambassade Royal du Danemark (ARD) et l\u2019Union Europ\u00e9enne (UE).\u00a0 \u00a0 &hellip;<\/p>\n<p class=\"read-more\"> <a class=\"\" href=\"https:\/\/agrigrowth-bf.com\/?page_id=278\"> <span class=\"screen-reader-text\">Projets\/Programmes<\/span> Lire la suite\u00a0\u00bb<\/a><\/p>\n","protected":false},"author":1,"featured_media":0,"parent":0,"menu_order":0,"comment_status":"closed","ping_status":"closed","template":"","meta":[],"uagb_featured_image_src":{"full":false,"thumbnail":false,"medium":false,"medium_large":false,"large":false,"1536x1536":false,"2048x2048":false},"uagb_author_info":{"display_name":"loogoba","author_link":"https:\/\/agrigrowth-bf.com\/?author=1"},"uagb_comment_info":0,"uagb_excerpt":"PROJETS\/PROGRAMMES Les projets et programmes r\u00e9alis\u00e9s Programme de Croissance Economique dans le Secteur Agricole (PCESA), 2017 &#8211; 2021 Composante 2 : Appui \u00e0 l\u2019entrepreneuriat agricole Partenaire d\u2019ex\u00e9cution Source de Financement Huit (08) op\u00e9rateurs \u00e9conomiques dans les fili\u00e8res ma\u00efs, riz, mangue, anacarde, karit\u00e9. Fonds Agro-Industrie _ Ambassade Royal du Danemark (ARD) et l\u2019Union Europ\u00e9enne (UE).\u00a0 \u00a0\u2026","_links":{"self":[{"href":"https:\/\/agrigrowth-bf.com\/index.php?rest_route=\/wp\/v2\/pages\/278"}],"collection":[{"href":"https:\/\/agrigrowth-bf.com\/index.php?rest_route=\/wp\/v2\/pages"}],"about":[{"href":"https:\/\/agrigrowth-bf.com\/index.php?rest_route=\/wp\/v2\/types\/page"}],"author":[{"embeddable":true,"href":"https:\/\/agrigrowth-bf.com\/index.php?rest_route=\/wp\/v2\/users\/1"}],"replies":[{"embeddable":true,"href":"https:\/\/agrigrowth-bf.com\/index.php?rest_route=%2Fwp%2Fv2%2Fcomments&post=278"}],"version-history":[{"count":14,"href":"https:\/\/agrigrowth-bf.com\/index.php?rest_route=\/wp\/v2\/pages\/278\/revisions"}],"predecessor-version":[{"id":737,"href":"https:\/\/agrigrowth-bf.com\/index.php?rest_route=\/wp\/v2\/pages\/278\/revisions\/737"}],"wp:attachment":[{"href":"https:\/\/agrigrowth-bf.com\/index.php?rest_route=%2Fwp%2Fv2%2Fmedia&parent=278"}],"curies":[{"name":"wp","href":"https:\/\/api.w.org\/{rel}","templated":true}]}}