{"id":2,"date":"2019-06-13T18:01:35","date_gmt":"2019-06-13T18:01:35","guid":{"rendered":"http:\/\/agrigrowth-bf.com\/\/?page_id=2"},"modified":"2021-01-26T10:07:30","modified_gmt":"2021-01-26T10:07:30","slug":"sample-page","status":"publish","type":"page","link":"https:\/\/agrigrowth-bf.com\/?page_id=2","title":{"rendered":"Notre \u00c9quipe"},"content":{"rendered":"\t\t<div data-elementor-type=\"wp-post\" data-elementor-id=\"2\" class=\"elementor elementor-2\" data-elementor-settings=\"[]\">\n\t\t\t\t\t\t<div class=\"elementor-inner\">\n\t\t\t\t\t\t\t<div class=\"elementor-section-wrap\">\n\t\t\t\t\t\t\t<section class=\"elementor-section elementor-top-section elementor-element elementor-element-3647bfd7 elementor-section-stretched elementor-section-boxed elementor-section-height-default elementor-section-height-default\" data-id=\"3647bfd7\" data-element_type=\"section\" data-settings=\"{&quot;stretch_section&quot;:&quot;section-stretched&quot;}\">\n\t\t\t\t\t\t<div class=\"elementor-container elementor-column-gap-no\">\n\t\t\t\t\t\t\t<div class=\"elementor-row\">\n\t\t\t\t\t<div class=\"elementor-column elementor-col-50 elementor-top-column elementor-element elementor-element-334dad0b\" data-id=\"334dad0b\" data-element_type=\"column\">\n\t\t\t<div class=\"elementor-column-wrap elementor-element-populated\">\n\t\t\t\t\t\t\t<div class=\"elementor-widget-wrap\">\n\t\t\t\t\t\t<div class=\"elementor-element elementor-element-3fb15bdf elementor-widget elementor-widget-image\" data-id=\"3fb15bdf\" data-element_type=\"widget\" data-widget_type=\"image.default\">\n\t\t\t\t<div class=\"elementor-widget-container\">\n\t\t\t\t\t<div class=\"elementor-image\">\n\t\t\t\t\t\t\t<figure class=\"wp-caption\">\n\t\t\t\t\t\t\t\t\t\t\t<a href=\"https:\/\/agrigrowth-bf.com\/wp-content\/uploads\/2021\/01\/IMG_0007-scaled.jpg\" data-elementor-open-lightbox=\"yes\" data-elementor-lightbox-title=\"IMG_0007\">\n\t\t\t\t\t\t\t<img width=\"1707\" height=\"2560\" src=\"https:\/\/agrigrowth-bf.com\/wp-content\/uploads\/2021\/01\/IMG_0007-scaled.jpg\" class=\"attachment-full size-full\" alt=\"\" decoding=\"async\" loading=\"lazy\" srcset=\"https:\/\/agrigrowth-bf.com\/wp-content\/uploads\/2021\/01\/IMG_0007-scaled.jpg 1707w, https:\/\/agrigrowth-bf.com\/wp-content\/uploads\/2021\/01\/IMG_0007-200x300.jpg 200w, https:\/\/agrigrowth-bf.com\/wp-content\/uploads\/2021\/01\/IMG_0007-683x1024.jpg 683w, https:\/\/agrigrowth-bf.com\/wp-content\/uploads\/2021\/01\/IMG_0007-768x1152.jpg 768w, https:\/\/agrigrowth-bf.com\/wp-content\/uploads\/2021\/01\/IMG_0007-1024x1536.jpg 1024w, https:\/\/agrigrowth-bf.com\/wp-content\/uploads\/2021\/01\/IMG_0007-1365x2048.jpg 1365w\" sizes=\"(max-width: 1707px) 100vw, 1707px\" \/>\t\t\t\t\t\t\t\t<\/a>\n\t\t\t\t\t\t\t\t\t\t\t<figcaption class=\"widget-image-caption wp-caption-text\">Agro\u00e9conomiste \u2502 Ing\u00e9nieur de Projets \u2502 Doctorant en Administration des Affaires \u2502 Directeur G\u00e9n\u00e9ral _ AGM CONSULTING SARL<\/figcaption>\n\t\t\t\t\t\t\t\t\t\t<\/figure>\n\t\t\t\t\t<\/div>\n\t\t\t\t<\/div>\n\t\t\t\t<\/div>\n\t\t\t\t\t\t<\/div>\n\t\t\t\t\t<\/div>\n\t\t<\/div>\n\t\t\t\t<div class=\"elementor-column elementor-col-50 elementor-top-column elementor-element elementor-element-b28c1fc\" data-id=\"b28c1fc\" data-element_type=\"column\" data-settings=\"{&quot;background_background&quot;:&quot;classic&quot;}\">\n\t\t\t<div class=\"elementor-column-wrap elementor-element-populated\">\n\t\t\t\t\t\t\t<div class=\"elementor-widget-wrap\">\n\t\t\t\t\t\t<div class=\"elementor-element elementor-element-77744e1 elementor-widget elementor-widget-heading\" data-id=\"77744e1\" data-element_type=\"widget\" data-widget_type=\"heading.default\">\n\t\t\t\t<div class=\"elementor-widget-container\">\n\t\t\t<h2 class=\"elementor-heading-title elementor-size-large\">Mr Abdoul Nasser ZONGO<\/h2>\t\t<\/div>\n\t\t\t\t<\/div>\n\t\t\t\t<section class=\"elementor-section elementor-inner-section elementor-element elementor-element-6b3bb91 elementor-reverse-mobile elementor-section-boxed elementor-section-height-default elementor-section-height-default\" data-id=\"6b3bb91\" data-element_type=\"section\">\n\t\t\t\t\t\t<div class=\"elementor-container elementor-column-gap-default\">\n\t\t\t\t\t\t\t<div class=\"elementor-row\">\n\t\t\t\t\t<div class=\"elementor-column elementor-col-100 elementor-inner-column elementor-element elementor-element-5b354da2\" data-id=\"5b354da2\" data-element_type=\"column\" data-settings=\"{&quot;background_background&quot;:&quot;classic&quot;}\">\n\t\t\t<div class=\"elementor-column-wrap elementor-element-populated\">\n\t\t\t\t\t\t\t<div class=\"elementor-widget-wrap\">\n\t\t\t\t\t\t<div class=\"elementor-element elementor-element-77dd9485 elementor-widget elementor-widget-text-editor\" data-id=\"77dd9485\" data-element_type=\"widget\" data-widget_type=\"text-editor.default\">\n\t\t\t\t<div class=\"elementor-widget-container\">\n\t\t\t\t\t<div class=\"elementor-text-editor elementor-clearfix\"><p style=\"text-align: center;\"><em><u><b>MOT DU DIRECTEUR<\/b><\/u><\/em><\/p><p><span style=\"color: #000000;\"><i>\u00a0 \u00a0 \u00a0 \u00a0 \u00a0 \u00a0 \u00a0 Le secteur de l\u2019agriculture est sans doute le levier le plus important pour le d\u00e9veloppement local et la lutte contre la pauvret\u00e9 au Burkina Faso. Il est alors primordial d\u2019accompagner ce secteur pour lui permettre de r\u00e9aliser son plein potentiel. Trois (3) facteurs sont cl\u00e9s \u00e0 son d\u00e9veloppement\u00a0: des acteurs comp\u00e9tents, un march\u00e9 organis\u00e9 et du financement.<\/i><\/span><i><br \/><span style=\"color: #000000;\">Il est imp\u00e9ratif d\u2019agir sur ses facteurs pour simuler la croissance des micros, petites et moyennes entreprises de ce secteur. A AgriGrowth Management (AGM) nous y croyons\u00a0!<\/span><br \/><span style=\"color: #000000;\">\u00c1 AGM, nous avons foi que les comp\u00e9tences des acteurs permettront d\u2019accroitre la productivit\u00e9 des entreprises locales,\u00a0 l\u2019organisation du march\u00e9 et l\u2019int\u00e9gration des chaines de valeurs garantissent l\u2019\u00e9coulement des productions et les investissements n\u00e9cessaires au d\u00e9veloppement et \u00e0 la comp\u00e9titivit\u00e9 de ses entreprises.<\/span><br \/><span style=\"color: #000000;\">Les services de AGM apportent des r\u00e9ponses aux d\u00e9fis de productivit\u00e9, de croissance et de comp\u00e9titivit\u00e9s\u00a0 auxquels sont confront\u00e9s les entreprises et organisations locales.<\/span><br \/><span style=\"color: #000000;\">\u00a0<\/span><br \/><span style=\"color: #000000;\">Entrepreneurs et organisations, projets et programmes, partenaires techniques et financiers du secteur de l\u2019agriculture, AGM est le partenaire qui rassure.<\/span><br \/><span style=\"color: #000000;\">\u00ab\u00a0Vous servir avec d\u00e9vouement, professionnalisme, int\u00e9grit\u00e9 et respect est le secret de nos succ\u00e8s\u00a0\u00bb.<\/span><\/i><\/p><\/div>\n\t\t\t\t<\/div>\n\t\t\t\t<\/div>\n\t\t\t\t<div class=\"elementor-element elementor-element-7588d3d1 elementor-mobile-align-center elementor-icon-list--layout-inline elementor-list-item-link-full_width elementor-invisible elementor-widget elementor-widget-icon-list\" data-id=\"7588d3d1\" data-element_type=\"widget\" data-settings=\"{&quot;_animation&quot;:&quot;fadeInRight&quot;}\" data-widget_type=\"icon-list.default\">\n\t\t\t\t<div class=\"elementor-widget-container\">\n\t\t\t\t\t<ul class=\"elementor-icon-list-items elementor-inline-items\">\n\t\t\t\t\t\t\t<li class=\"elementor-icon-list-item elementor-inline-item\">\n\t\t\t\t\t<a href=\"http:\/\/nasserzongo@agrigrowth-bf.com\" target=\"_blank\">\t\t\t\t\t\t<span class=\"elementor-icon-list-icon\">\n\t\t\t\t\t\t\t\t\t\t\t\t\t\t\t\t<i class=\"fa fa-envelope\" aria-hidden=\"true\"><\/i>\n\t\t\t\t\t\t\t\t\t\t\t\t\t<\/span>\n\t\t\t\t\t\t\t\t\t\t<span class=\"elementor-icon-list-text\">email<\/span>\n\t\t\t\t\t\t\t\t\t\t\t<\/a>\n\t\t\t\t\t\t\t\t\t<\/li>\n\t\t\t\t\t\t<\/ul>\n\t\t\t\t<\/div>\n\t\t\t\t<\/div>\n\t\t\t\t\t\t<\/div>\n\t\t\t\t\t<\/div>\n\t\t<\/div>\n\t\t\t\t\t\t\t\t<\/div>\n\t\t\t\t\t<\/div>\n\t\t<\/section>\n\t\t\t\t\t\t<\/div>\n\t\t\t\t\t<\/div>\n\t\t<\/div>\n\t\t\t\t\t\t\t\t<\/div>\n\t\t\t\t\t<\/div>\n\t\t<\/section>\n\t\t\t\t<section class=\"elementor-section elementor-top-section elementor-element elementor-element-7af0afc4 elementor-section-content-middle elementor-section-stretched elementor-section-boxed elementor-section-height-default elementor-section-height-default\" data-id=\"7af0afc4\" data-element_type=\"section\" data-settings=\"{&quot;stretch_section&quot;:&quot;section-stretched&quot;}\">\n\t\t\t\t\t\t<div class=\"elementor-container elementor-column-gap-default\">\n\t\t\t\t\t\t\t<div class=\"elementor-row\">\n\t\t\t\t\t<div class=\"elementor-column elementor-col-50 elementor-top-column elementor-element elementor-element-1da05405\" data-id=\"1da05405\" data-element_type=\"column\" data-settings=\"{&quot;background_background&quot;:&quot;classic&quot;}\">\n\t\t\t<div class=\"elementor-column-wrap elementor-element-populated\">\n\t\t\t\t\t\t\t<div class=\"elementor-widget-wrap\">\n\t\t\t\t\t\t<div class=\"elementor-element elementor-element-2a46ba05 elementor-widget elementor-widget-heading\" data-id=\"2a46ba05\" data-element_type=\"widget\" data-widget_type=\"heading.default\">\n\t\t\t\t<div class=\"elementor-widget-container\">\n\t\t\t<h2 class=\"elementor-heading-title elementor-size-large\">NOTRE EQUIPE<\/h2>\t\t<\/div>\n\t\t\t\t<\/div>\n\t\t\t\t<div class=\"elementor-element elementor-element-5de4e43c elementor-widget elementor-widget-text-editor\" data-id=\"5de4e43c\" data-element_type=\"widget\" data-widget_type=\"text-editor.default\">\n\t\t\t\t<div class=\"elementor-widget-container\">\n\t\t\t\t\t<div class=\"elementor-text-editor elementor-clearfix\"><p>La capacit\u00e9 manag\u00e9riale, la vision et l\u2019exp\u00e9rience du manager principale, Une \u00e9quipe pluridisciplinaire, jeune, dynamique et ambitieuse, Plus de 05 ans d\u2019exp\u00e9rience, Une r\u00e9f\u00e9rence et de l\u2019expertise dans le domaine de l\u2019agriculture, l\u2019agroalimentaire, Les projets et innovations internes, La flexibilit\u00e9 \u00e0 s\u2019adapter \u00e0 l\u2019environnement, La capacit\u00e9 organisationnelle voila ce qui fait la force d&rsquo;Agrigrowth Management Consulting SARL<\/p><\/div>\n\t\t\t\t<\/div>\n\t\t\t\t<\/div>\n\t\t\t\t\t\t<\/div>\n\t\t\t\t\t<\/div>\n\t\t<\/div>\n\t\t\t\t<div class=\"elementor-column elementor-col-50 elementor-top-column elementor-element elementor-element-1bf66fb\" data-id=\"1bf66fb\" data-element_type=\"column\">\n\t\t\t<div class=\"elementor-column-wrap elementor-element-populated\">\n\t\t\t\t\t\t\t<div class=\"elementor-widget-wrap\">\n\t\t\t\t\t\t<div class=\"elementor-element elementor-element-479d5215 elementor-position-left elementor-vertical-align-middle elementor-widget elementor-widget-image-box\" data-id=\"479d5215\" data-element_type=\"widget\" data-widget_type=\"image-box.default\">\n\t\t\t\t<div class=\"elementor-widget-container\">\n\t\t\t<div class=\"elementor-image-box-wrapper\"><figure class=\"elementor-image-box-img\"><img width=\"1707\" height=\"2560\" src=\"https:\/\/agrigrowth-bf.com\/wp-content\/uploads\/2021\/01\/IMG_0016-scaled.jpg\" class=\"attachment-full size-full\" alt=\"\" decoding=\"async\" loading=\"lazy\" srcset=\"https:\/\/agrigrowth-bf.com\/wp-content\/uploads\/2021\/01\/IMG_0016-scaled.jpg 1707w, https:\/\/agrigrowth-bf.com\/wp-content\/uploads\/2021\/01\/IMG_0016-200x300.jpg 200w, https:\/\/agrigrowth-bf.com\/wp-content\/uploads\/2021\/01\/IMG_0016-683x1024.jpg 683w, https:\/\/agrigrowth-bf.com\/wp-content\/uploads\/2021\/01\/IMG_0016-768x1152.jpg 768w, https:\/\/agrigrowth-bf.com\/wp-content\/uploads\/2021\/01\/IMG_0016-1024x1536.jpg 1024w, https:\/\/agrigrowth-bf.com\/wp-content\/uploads\/2021\/01\/IMG_0016-1365x2048.jpg 1365w\" sizes=\"(max-width: 1707px) 100vw, 1707px\" \/><\/figure><div class=\"elementor-image-box-content\"><h3 class=\"elementor-image-box-title\">Mme Rasmata ABATAKORA<\/h3><p class=\"elementor-image-box-description\">Economiste\nSp\u00e9cialis\u00e9e en comptabilit\u00e9\nResponsable Administratif et Financier\n<\/p><\/div><\/div>\t\t<\/div>\n\t\t\t\t<\/div>\n\t\t\t\t<div class=\"elementor-element elementor-element-154ae5fa elementor-position-left elementor-vertical-align-middle elementor-widget elementor-widget-image-box\" data-id=\"154ae5fa\" data-element_type=\"widget\" data-widget_type=\"image-box.default\">\n\t\t\t\t<div class=\"elementor-widget-container\">\n\t\t\t<div class=\"elementor-image-box-wrapper\"><figure class=\"elementor-image-box-img\"><img width=\"1707\" height=\"2560\" src=\"https:\/\/agrigrowth-bf.com\/wp-content\/uploads\/2021\/01\/IMG_0009-scaled.jpg\" class=\"attachment-full size-full\" alt=\"\" decoding=\"async\" loading=\"lazy\" srcset=\"https:\/\/agrigrowth-bf.com\/wp-content\/uploads\/2021\/01\/IMG_0009-scaled.jpg 1707w, https:\/\/agrigrowth-bf.com\/wp-content\/uploads\/2021\/01\/IMG_0009-200x300.jpg 200w, https:\/\/agrigrowth-bf.com\/wp-content\/uploads\/2021\/01\/IMG_0009-683x1024.jpg 683w, https:\/\/agrigrowth-bf.com\/wp-content\/uploads\/2021\/01\/IMG_0009-768x1152.jpg 768w, https:\/\/agrigrowth-bf.com\/wp-content\/uploads\/2021\/01\/IMG_0009-1024x1536.jpg 1024w, https:\/\/agrigrowth-bf.com\/wp-content\/uploads\/2021\/01\/IMG_0009-1365x2048.jpg 1365w\" sizes=\"(max-width: 1707px) 100vw, 1707px\" \/><\/figure><div class=\"elementor-image-box-content\"><h3 class=\"elementor-image-box-title\">M. Soumana SANON<\/h3><p class=\"elementor-image-box-description\">Agro\u00e9conomiste\nSp\u00e9cialis\u00e9 en gestion de projet\nDirecteur de projet\n<\/p><\/div><\/div>\t\t<\/div>\n\t\t\t\t<\/div>\n\t\t\t\t<div class=\"elementor-element elementor-element-57cb672a elementor-position-left elementor-vertical-align-middle elementor-widget elementor-widget-image-box\" data-id=\"57cb672a\" data-element_type=\"widget\" data-widget_type=\"image-box.default\">\n\t\t\t\t<div class=\"elementor-widget-container\">\n\t\t\t<div class=\"elementor-image-box-wrapper\"><figure class=\"elementor-image-box-img\"><img width=\"1707\" height=\"2560\" src=\"https:\/\/agrigrowth-bf.com\/wp-content\/uploads\/2021\/01\/IMG_0024-scaled.jpg\" class=\"attachment-full size-full\" alt=\"\" decoding=\"async\" loading=\"lazy\" srcset=\"https:\/\/agrigrowth-bf.com\/wp-content\/uploads\/2021\/01\/IMG_0024-scaled.jpg 1707w, https:\/\/agrigrowth-bf.com\/wp-content\/uploads\/2021\/01\/IMG_0024-200x300.jpg 200w, https:\/\/agrigrowth-bf.com\/wp-content\/uploads\/2021\/01\/IMG_0024-683x1024.jpg 683w, https:\/\/agrigrowth-bf.com\/wp-content\/uploads\/2021\/01\/IMG_0024-768x1152.jpg 768w, https:\/\/agrigrowth-bf.com\/wp-content\/uploads\/2021\/01\/IMG_0024-1024x1536.jpg 1024w, https:\/\/agrigrowth-bf.com\/wp-content\/uploads\/2021\/01\/IMG_0024-1365x2048.jpg 1365w\" sizes=\"(max-width: 1707px) 100vw, 1707px\" \/><\/figure><div class=\"elementor-image-box-content\"><h3 class=\"elementor-image-box-title\"> EVELYNE BOMI EWAMO <\/h3><p class=\"elementor-image-box-description\">Ing\u00e9nieur du d\u00e9veloppement rural, \nSp\u00e9cialis\u00e9e en sociologie et \u00e9conomie rurales.\nCharg\u00e9e de projets\n<\/p><\/div><\/div>\t\t<\/div>\n\t\t\t\t<\/div>\n\t\t\t\t<div class=\"elementor-element elementor-element-1a41dbdc elementor-position-left elementor-vertical-align-middle elementor-widget elementor-widget-image-box\" data-id=\"1a41dbdc\" data-element_type=\"widget\" data-widget_type=\"image-box.default\">\n\t\t\t\t<div class=\"elementor-widget-container\">\n\t\t\t<div class=\"elementor-image-box-wrapper\"><figure class=\"elementor-image-box-img\"><img width=\"1707\" height=\"2560\" src=\"https:\/\/agrigrowth-bf.com\/wp-content\/uploads\/2021\/01\/IMG_0020-scaled.jpg\" class=\"attachment-full size-full\" alt=\"\" decoding=\"async\" loading=\"lazy\" srcset=\"https:\/\/agrigrowth-bf.com\/wp-content\/uploads\/2021\/01\/IMG_0020-scaled.jpg 1707w, https:\/\/agrigrowth-bf.com\/wp-content\/uploads\/2021\/01\/IMG_0020-200x300.jpg 200w, https:\/\/agrigrowth-bf.com\/wp-content\/uploads\/2021\/01\/IMG_0020-683x1024.jpg 683w, https:\/\/agrigrowth-bf.com\/wp-content\/uploads\/2021\/01\/IMG_0020-768x1152.jpg 768w, https:\/\/agrigrowth-bf.com\/wp-content\/uploads\/2021\/01\/IMG_0020-1024x1536.jpg 1024w, https:\/\/agrigrowth-bf.com\/wp-content\/uploads\/2021\/01\/IMG_0020-1365x2048.jpg 1365w\" sizes=\"(max-width: 1707px) 100vw, 1707px\" \/><\/figure><div class=\"elementor-image-box-content\"><h3 class=\"elementor-image-box-title\">M. Soumana SANON<\/h3><p class=\"elementor-image-box-description\">\u00c9conomiste Agricole\/ Gestionnaire de projet\nCharg\u00e9 des Services d'Appui-Conseils et d'Assistance Technique aux Entreprises Agricoles et Agroalimentaire <\/p><\/div><\/div>\t\t<\/div>\n\t\t\t\t<\/div>\n\t\t\t\t<div class=\"elementor-element elementor-element-313543cb elementor-position-left elementor-vertical-align-middle elementor-widget elementor-widget-image-box\" data-id=\"313543cb\" data-element_type=\"widget\" data-widget_type=\"image-box.default\">\n\t\t\t\t<div class=\"elementor-widget-container\">\n\t\t\t<div class=\"elementor-image-box-wrapper\"><figure class=\"elementor-image-box-img\"><img width=\"1707\" height=\"2560\" src=\"https:\/\/agrigrowth-bf.com\/wp-content\/uploads\/2021\/01\/IMG_0046-scaled.jpg\" class=\"attachment-full size-full\" alt=\"\" decoding=\"async\" loading=\"lazy\" srcset=\"https:\/\/agrigrowth-bf.com\/wp-content\/uploads\/2021\/01\/IMG_0046-scaled.jpg 1707w, https:\/\/agrigrowth-bf.com\/wp-content\/uploads\/2021\/01\/IMG_0046-200x300.jpg 200w, https:\/\/agrigrowth-bf.com\/wp-content\/uploads\/2021\/01\/IMG_0046-683x1024.jpg 683w, https:\/\/agrigrowth-bf.com\/wp-content\/uploads\/2021\/01\/IMG_0046-768x1152.jpg 768w, https:\/\/agrigrowth-bf.com\/wp-content\/uploads\/2021\/01\/IMG_0046-1024x1536.jpg 1024w, https:\/\/agrigrowth-bf.com\/wp-content\/uploads\/2021\/01\/IMG_0046-1365x2048.jpg 1365w\" sizes=\"(max-width: 1707px) 100vw, 1707px\" \/><\/figure><div class=\"elementor-image-box-content\"><h3 class=\"elementor-image-box-title\">M. VAL\u00c8RE RACHID LANDRY KAM<\/h3><p class=\"elementor-image-box-description\">Technicien sup\u00e9rieur d\u2019agriculture\nSp\u00e9cialis\u00e9 dans la production v\u00e9g\u00e9tale\nResponsable \u00e0 la production et commercialisation des produits agricoles\n\n\n<\/p><\/div><\/div>\t\t<\/div>\n\t\t\t\t<\/div>\n\t\t\t\t<div class=\"elementor-element elementor-element-40ccbd49 elementor-position-left elementor-vertical-align-middle elementor-widget elementor-widget-image-box\" data-id=\"40ccbd49\" data-element_type=\"widget\" data-widget_type=\"image-box.default\">\n\t\t\t\t<div class=\"elementor-widget-container\">\n\t\t\t<div class=\"elementor-image-box-wrapper\"><figure class=\"elementor-image-box-img\"><img width=\"1707\" height=\"2560\" src=\"https:\/\/agrigrowth-bf.com\/wp-content\/uploads\/2021\/01\/IMG_0028-1-scaled.jpg\" class=\"attachment-full size-full\" alt=\"\" decoding=\"async\" loading=\"lazy\" srcset=\"https:\/\/agrigrowth-bf.com\/wp-content\/uploads\/2021\/01\/IMG_0028-1-scaled.jpg 1707w, https:\/\/agrigrowth-bf.com\/wp-content\/uploads\/2021\/01\/IMG_0028-1-200x300.jpg 200w, https:\/\/agrigrowth-bf.com\/wp-content\/uploads\/2021\/01\/IMG_0028-1-683x1024.jpg 683w, https:\/\/agrigrowth-bf.com\/wp-content\/uploads\/2021\/01\/IMG_0028-1-768x1152.jpg 768w, https:\/\/agrigrowth-bf.com\/wp-content\/uploads\/2021\/01\/IMG_0028-1-1024x1536.jpg 1024w, https:\/\/agrigrowth-bf.com\/wp-content\/uploads\/2021\/01\/IMG_0028-1-1365x2048.jpg 1365w\" sizes=\"(max-width: 1707px) 100vw, 1707px\" \/><\/figure><div class=\"elementor-image-box-content\"><h3 class=\"elementor-image-box-title\">Mlle. NOELLA SONMANIDA MURIELLE SANON <\/h3><p class=\"elementor-image-box-description\">Comptable\nSp\u00e9cialis\u00e9 en contr\u00f4le et audit\nComptable\n<\/p><\/div><\/div>\t\t<\/div>\n\t\t\t\t<\/div>\n\t\t\t\t<div class=\"elementor-element elementor-element-c02d7ef elementor-position-left elementor-vertical-align-middle elementor-widget elementor-widget-image-box\" data-id=\"c02d7ef\" data-element_type=\"widget\" data-widget_type=\"image-box.default\">\n\t\t\t\t<div class=\"elementor-widget-container\">\n\t\t\t<div class=\"elementor-image-box-wrapper\"><figure class=\"elementor-image-box-img\"><img width=\"1707\" height=\"2560\" src=\"https:\/\/agrigrowth-bf.com\/wp-content\/uploads\/2021\/01\/leandrooo-scaled.jpg\" class=\"attachment-full size-full\" alt=\"\" decoding=\"async\" loading=\"lazy\" srcset=\"https:\/\/agrigrowth-bf.com\/wp-content\/uploads\/2021\/01\/leandrooo-scaled.jpg 1707w, https:\/\/agrigrowth-bf.com\/wp-content\/uploads\/2021\/01\/leandrooo-200x300.jpg 200w, https:\/\/agrigrowth-bf.com\/wp-content\/uploads\/2021\/01\/leandrooo-683x1024.jpg 683w, https:\/\/agrigrowth-bf.com\/wp-content\/uploads\/2021\/01\/leandrooo-768x1152.jpg 768w, https:\/\/agrigrowth-bf.com\/wp-content\/uploads\/2021\/01\/leandrooo-1024x1536.jpg 1024w, https:\/\/agrigrowth-bf.com\/wp-content\/uploads\/2021\/01\/leandrooo-1365x2048.jpg 1365w\" sizes=\"(max-width: 1707px) 100vw, 1707px\" \/><\/figure><div class=\"elementor-image-box-content\"><h3 class=\"elementor-image-box-title\">M. Wienta Leandre DABIRE<\/h3><p class=\"elementor-image-box-description\">Ing\u00e9nieur en  informatique Option G\u00e9nie Logiciel.\nTechnicien en R\u00e9seaux, Syst\u00e8mes et Maintenances Informatiques\n\nDirecteur du laboratoire des solutions agro-num\u00e9riques LaSAN\nEt Responsable du d\u00e9veloppement technologique et num\u00e9rique des AGM-HOLDING\n<\/p><\/div><\/div>\t\t<\/div>\n\t\t\t\t<\/div>\n\t\t\t\t\t\t<\/div>\n\t\t\t\t\t<\/div>\n\t\t<\/div>\n\t\t\t\t\t\t\t\t<\/div>\n\t\t\t\t\t<\/div>\n\t\t<\/section>\n\t\t\t\t\t\t<\/div>\n\t\t\t\t\t\t<\/div>\n\t\t\t\t\t<\/div>\n\t\t","protected":false},"excerpt":{"rendered":"<p>Agro\u00e9conomiste \u2502 Ing\u00e9nieur de Projets \u2502 Doctorant en Administration des Affaires \u2502 Directeur G\u00e9n\u00e9ral _ AGM CONSULTING SARL Mr Abdoul Nasser ZONGO MOT DU DIRECTEUR \u00a0 \u00a0 \u00a0 \u00a0 \u00a0 \u00a0 \u00a0 Le secteur de l\u2019agriculture est sans doute le levier le plus important pour le d\u00e9veloppement local et la lutte contre la pauvret\u00e9 au &hellip;<\/p>\n<p class=\"read-more\"> <a class=\"\" href=\"https:\/\/agrigrowth-bf.com\/?page_id=2\"> <span class=\"screen-reader-text\">Notre \u00c9quipe<\/span> Lire la suite\u00a0\u00bb<\/a><\/p>\n","protected":false},"author":1,"featured_media":0,"parent":0,"menu_order":0,"comment_status":"closed","ping_status":"open","template":"","meta":[],"uagb_featured_image_src":{"full":false,"thumbnail":false,"medium":false,"medium_large":false,"large":false,"1536x1536":false,"2048x2048":false},"uagb_author_info":{"display_name":"loogoba","author_link":"https:\/\/agrigrowth-bf.com\/?author=1"},"uagb_comment_info":0,"uagb_excerpt":"Agro\u00e9conomiste \u2502 Ing\u00e9nieur de Projets \u2502 Doctorant en Administration des Affaires \u2502 Directeur G\u00e9n\u00e9ral _ AGM CONSULTING SARL Mr Abdoul Nasser ZONGO MOT DU DIRECTEUR \u00a0 \u00a0 \u00a0 \u00a0 \u00a0 \u00a0 \u00a0 Le secteur de l\u2019agriculture est sans doute le levier le plus important pour le d\u00e9veloppement local et la lutte contre la pauvret\u00e9 au\u2026","_links":{"self":[{"href":"https:\/\/agrigrowth-bf.com\/index.php?rest_route=\/wp\/v2\/pages\/2"}],"collection":[{"href":"https:\/\/agrigrowth-bf.com\/index.php?rest_route=\/wp\/v2\/pages"}],"about":[{"href":"https:\/\/agrigrowth-bf.com\/index.php?rest_route=\/wp\/v2\/types\/page"}],"author":[{"embeddable":true,"href":"https:\/\/agrigrowth-bf.com\/index.php?rest_route=\/wp\/v2\/users\/1"}],"replies":[{"embeddable":true,"href":"https:\/\/agrigrowth-bf.com\/index.php?rest_route=%2Fwp%2Fv2%2Fcomments&post=2"}],"version-history":[{"count":18,"href":"https:\/\/agrigrowth-bf.com\/index.php?rest_route=\/wp\/v2\/pages\/2\/revisions"}],"predecessor-version":[{"id":821,"href":"https:\/\/agrigrowth-bf.com\/index.php?rest_route=\/wp\/v2\/pages\/2\/revisions\/821"}],"wp:attachment":[{"href":"https:\/\/agrigrowth-bf.com\/index.php?rest_route=%2Fwp%2Fv2%2Fmedia&parent=2"}],"curies":[{"name":"wp","href":"https:\/\/api.w.org\/{rel}","templated":true}]}}